{"id":5718,"date":"2024-09-27T11:41:03","date_gmt":"2024-09-27T09:41:03","guid":{"rendered":"https:\/\/www.brideamedical.com\/shop\/5718\/"},"modified":"2025-01-09T11:10:29","modified_gmt":"2025-01-09T10:10:29","slug":"virgo-spx-insert","status":"publish","type":"product","link":"https:\/\/www.brideamedical.com\/fr\/shop\/virgo-spx-insert\/","title":{"rendered":"Virgo SPX insert"},"content":{"rendered":"<p>Notre accessoire pour l&#8217;extraction des fum\u00e9es chirurgicales est con\u00e7u pour les proc\u00e9dures de colposcopie chez les femmes m\u00e9nopaus\u00e9es, o\u00f9 un sp\u00e9culum de taille standard est trop douloureux. Il s&#8217;adapte parfaitement \u00e0 notre plus petit sp\u00e9culum, le \u00ab Virgo \u00bb, le transformant en un sp\u00e9culum d&#8217;extraction des fum\u00e9es. Cela \u00e9limine le besoin de r\u00e9f\u00e9rencements co\u00fbteux en bloc op\u00e9ratoire et d&#8217;interventions sous anesth\u00e9sie g\u00e9n\u00e9rale, garantissant un meilleur confort pour la patiente.<\/p>\n<p><strong><em>Remarque : Le sp\u00e9culum n&#8217;est pas inclus. Vous achetez l&#8217;insert SPX, qui fonctionne uniquement avec le sp\u00e9culum Virgo standard vendu s\u00e9par\u00e9ment.<\/em><\/strong><\/p>\n","protected":false},"excerpt":{"rendered":"<p>Notre accessoire pour l&#8217;extraction des fum\u00e9es chirurgicales s&#8217;adapte au sp\u00e9culum \u00ab Virgo \u00bb, offrant un confort lors des colposcopies pour les femmes m\u00e9nopaus\u00e9es. Il r\u00e9duit le besoin de proc\u00e9dures co\u00fbteuses sous anesth\u00e9sie g\u00e9n\u00e9rale. <em><strong>Remarque : Insert SPX uniquement, sp\u00e9culum vendu s\u00e9par\u00e9ment.<\/strong><\/em><\/p>\n","protected":false},"featured_media":5372,"template":"","meta":{"_acf_changed":false,"content-type":"","_improvement_type_select":"improve_an_existing","_thumb_yes_seoaic":false,"_frame_yes_seoaic":false,"seoaic_generate_description":"","seoaic_improve_instructions_prompt":"","seoaic_rollback_content_improvement":"","seoaic_idea_thumbnail_generator":"","thumbnail_generated":false,"thumbnail_generate_prompt":"","seoaic_article_description":""},"product_brand":[],"product_cat":[15],"product_tag":[],"class_list":{"0":"post-5718","1":"product","2":"type-product","3":"status-publish","4":"has-post-thumbnail","6":"product_cat-orchid-speculum","8":"first","9":"instock","10":"taxable","11":"shipping-taxable","12":"purchasable","13":"product-type-variable","14":"has-default-attributes"},"acf":[],"yoast_head":"<!-- This site is optimized with the Yoast SEO plugin v27.2 - https:\/\/yoast.com\/product\/yoast-seo-wordpress\/ -->\n<title>Virgo SPX insert - Bridea Medical<\/title>\n<meta name=\"robots\" content=\"index, follow, max-snippet:-1, max-image-preview:large, max-video-preview:-1\" \/>\n<link rel=\"canonical\" href=\"https:\/\/www.brideamedical.com\/fr\/shop\/virgo-spx-insert\/\" \/>\n<meta property=\"og:locale\" content=\"fr_FR\" \/>\n<meta property=\"og:type\" content=\"article\" \/>\n<meta property=\"og:title\" content=\"Virgo SPX insert - Bridea Medical\" \/>\n<meta property=\"og:description\" content=\"Notre accessoire pour l&#039;extraction des fum\u00e9es chirurgicales s&#039;adapte au sp\u00e9culum \u00ab Virgo \u00bb, offrant un confort lors des colposcopies pour les femmes m\u00e9nopaus\u00e9es. Il r\u00e9duit le besoin de proc\u00e9dures co\u00fbteuses sous anesth\u00e9sie g\u00e9n\u00e9rale. Remarque : Insert SPX uniquement, sp\u00e9culum vendu s\u00e9par\u00e9ment.\" \/>\n<meta property=\"og:url\" content=\"https:\/\/www.brideamedical.com\/fr\/shop\/virgo-spx-insert\/\" \/>\n<meta property=\"og:site_name\" content=\"Bridea Medical\" \/>\n<meta property=\"article:modified_time\" content=\"2025-01-09T10:10:29+00:00\" \/>\n<meta name=\"twitter:card\" content=\"summary_large_image\" \/>\n<meta name=\"twitter:site\" content=\"@BrideaMedical\" \/>\n<meta name=\"twitter:label1\" content=\"Est. reading time\" \/>\n\t<meta name=\"twitter:data1\" content=\"1 minute\" \/>\n<script type=\"application\/ld+json\" class=\"yoast-schema-graph\">{\"@context\":\"https:\/\/schema.org\",\"@graph\":[{\"@type\":\"WebPage\",\"@id\":\"https:\/\/www.brideamedical.com\/fr\/shop\/virgo-spx-insert\/\",\"url\":\"https:\/\/www.brideamedical.com\/fr\/shop\/virgo-spx-insert\/\",\"name\":\"Virgo SPX insert - Bridea Medical\",\"isPartOf\":{\"@id\":\"https:\/\/www.brideamedical.com\/#website\"},\"primaryImageOfPage\":{\"@id\":\"https:\/\/www.brideamedical.com\/fr\/shop\/virgo-spx-insert\/#primaryimage\"},\"image\":{\"@id\":\"https:\/\/www.brideamedical.com\/fr\/shop\/virgo-spx-insert\/#primaryimage\"},\"thumbnailUrl\":\"https:\/\/www.brideamedical.com\/app\/uploads\/2024\/09\/Orchid-Spec-VirgoSPX-Sideview-explodedview.png\",\"datePublished\":\"2024-09-27T09:41:03+00:00\",\"dateModified\":\"2025-01-09T10:10:29+00:00\",\"breadcrumb\":{\"@id\":\"https:\/\/www.brideamedical.com\/fr\/shop\/virgo-spx-insert\/#breadcrumb\"},\"inLanguage\":\"fr-FR\",\"potentialAction\":[{\"@type\":\"ReadAction\",\"target\":[\"https:\/\/www.brideamedical.com\/fr\/shop\/virgo-spx-insert\/\"]}]},{\"@type\":\"ImageObject\",\"inLanguage\":\"fr-FR\",\"@id\":\"https:\/\/www.brideamedical.com\/fr\/shop\/virgo-spx-insert\/#primaryimage\",\"url\":\"https:\/\/www.brideamedical.com\/app\/uploads\/2024\/09\/Orchid-Spec-VirgoSPX-Sideview-explodedview.png\",\"contentUrl\":\"https:\/\/www.brideamedical.com\/app\/uploads\/2024\/09\/Orchid-Spec-VirgoSPX-Sideview-explodedview.png\",\"width\":1000,\"height\":1000},{\"@type\":\"BreadcrumbList\",\"@id\":\"https:\/\/www.brideamedical.com\/fr\/shop\/virgo-spx-insert\/#breadcrumb\",\"itemListElement\":[{\"@type\":\"ListItem\",\"position\":1,\"name\":\"Home\",\"item\":\"https:\/\/www.brideamedical.com\/fr\/\"},{\"@type\":\"ListItem\",\"position\":2,\"name\":\"Boutique\",\"item\":\"https:\/\/www.brideamedical.com\/fr\/shop\/\"},{\"@type\":\"ListItem\",\"position\":3,\"name\":\"Virgo SPX insert\"}]},{\"@type\":\"WebSite\",\"@id\":\"https:\/\/www.brideamedical.com\/#website\",\"url\":\"https:\/\/www.brideamedical.com\/\",\"name\":\"Bridea Medical\",\"description\":\"\",\"publisher\":{\"@id\":\"https:\/\/www.brideamedical.com\/#organization\"},\"potentialAction\":[{\"@type\":\"SearchAction\",\"target\":{\"@type\":\"EntryPoint\",\"urlTemplate\":\"https:\/\/www.brideamedical.com\/?s={search_term_string}\"},\"query-input\":{\"@type\":\"PropertyValueSpecification\",\"valueRequired\":true,\"valueName\":\"search_term_string\"}}],\"inLanguage\":\"fr-FR\"},{\"@type\":\"Organization\",\"@id\":\"https:\/\/www.brideamedical.com\/#organization\",\"name\":\"Bridea Medical B.V.\",\"url\":\"https:\/\/www.brideamedical.com\/\",\"logo\":{\"@type\":\"ImageObject\",\"inLanguage\":\"fr-FR\",\"@id\":\"https:\/\/www.brideamedical.com\/#\/schema\/logo\/image\/\",\"url\":\"https:\/\/www.brideamedical.com\/app\/uploads\/2018\/10\/brideamedical_logo.png\",\"contentUrl\":\"https:\/\/www.brideamedical.com\/app\/uploads\/2018\/10\/brideamedical_logo.png\",\"width\":300,\"height\":101,\"caption\":\"Bridea Medical B.V.\"},\"image\":{\"@id\":\"https:\/\/www.brideamedical.com\/#\/schema\/logo\/image\/\"},\"sameAs\":[\"https:\/\/x.com\/BrideaMedical\",\"https:\/\/nl.linkedin.com\/company\/bridea-medical\"]}]}<\/script>\n<!-- \/ Yoast SEO plugin. -->","yoast_head_json":{"title":"Virgo SPX insert - Bridea Medical","robots":{"index":"index","follow":"follow","max-snippet":"max-snippet:-1","max-image-preview":"max-image-preview:large","max-video-preview":"max-video-preview:-1"},"canonical":"https:\/\/www.brideamedical.com\/fr\/shop\/virgo-spx-insert\/","og_locale":"fr_FR","og_type":"article","og_title":"Virgo SPX insert - Bridea Medical","og_description":"Notre accessoire pour l'extraction des fum\u00e9es chirurgicales s'adapte au sp\u00e9culum \u00ab Virgo \u00bb, offrant un confort lors des colposcopies pour les femmes m\u00e9nopaus\u00e9es. Il r\u00e9duit le besoin de proc\u00e9dures co\u00fbteuses sous anesth\u00e9sie g\u00e9n\u00e9rale. Remarque : Insert SPX uniquement, sp\u00e9culum vendu s\u00e9par\u00e9ment.","og_url":"https:\/\/www.brideamedical.com\/fr\/shop\/virgo-spx-insert\/","og_site_name":"Bridea Medical","article_modified_time":"2025-01-09T10:10:29+00:00","twitter_card":"summary_large_image","twitter_site":"@BrideaMedical","twitter_misc":{"Est. reading time":"1 minute"},"schema":{"@context":"https:\/\/schema.org","@graph":[{"@type":"WebPage","@id":"https:\/\/www.brideamedical.com\/fr\/shop\/virgo-spx-insert\/","url":"https:\/\/www.brideamedical.com\/fr\/shop\/virgo-spx-insert\/","name":"Virgo SPX insert - Bridea Medical","isPartOf":{"@id":"https:\/\/www.brideamedical.com\/#website"},"primaryImageOfPage":{"@id":"https:\/\/www.brideamedical.com\/fr\/shop\/virgo-spx-insert\/#primaryimage"},"image":{"@id":"https:\/\/www.brideamedical.com\/fr\/shop\/virgo-spx-insert\/#primaryimage"},"thumbnailUrl":"https:\/\/www.brideamedical.com\/app\/uploads\/2024\/09\/Orchid-Spec-VirgoSPX-Sideview-explodedview.png","datePublished":"2024-09-27T09:41:03+00:00","dateModified":"2025-01-09T10:10:29+00:00","breadcrumb":{"@id":"https:\/\/www.brideamedical.com\/fr\/shop\/virgo-spx-insert\/#breadcrumb"},"inLanguage":"fr-FR","potentialAction":[{"@type":"ReadAction","target":["https:\/\/www.brideamedical.com\/fr\/shop\/virgo-spx-insert\/"]}]},{"@type":"ImageObject","inLanguage":"fr-FR","@id":"https:\/\/www.brideamedical.com\/fr\/shop\/virgo-spx-insert\/#primaryimage","url":"https:\/\/www.brideamedical.com\/app\/uploads\/2024\/09\/Orchid-Spec-VirgoSPX-Sideview-explodedview.png","contentUrl":"https:\/\/www.brideamedical.com\/app\/uploads\/2024\/09\/Orchid-Spec-VirgoSPX-Sideview-explodedview.png","width":1000,"height":1000},{"@type":"BreadcrumbList","@id":"https:\/\/www.brideamedical.com\/fr\/shop\/virgo-spx-insert\/#breadcrumb","itemListElement":[{"@type":"ListItem","position":1,"name":"Home","item":"https:\/\/www.brideamedical.com\/fr\/"},{"@type":"ListItem","position":2,"name":"Boutique","item":"https:\/\/www.brideamedical.com\/fr\/shop\/"},{"@type":"ListItem","position":3,"name":"Virgo SPX insert"}]},{"@type":"WebSite","@id":"https:\/\/www.brideamedical.com\/#website","url":"https:\/\/www.brideamedical.com\/","name":"Bridea Medical","description":"","publisher":{"@id":"https:\/\/www.brideamedical.com\/#organization"},"potentialAction":[{"@type":"SearchAction","target":{"@type":"EntryPoint","urlTemplate":"https:\/\/www.brideamedical.com\/?s={search_term_string}"},"query-input":{"@type":"PropertyValueSpecification","valueRequired":true,"valueName":"search_term_string"}}],"inLanguage":"fr-FR"},{"@type":"Organization","@id":"https:\/\/www.brideamedical.com\/#organization","name":"Bridea Medical B.V.","url":"https:\/\/www.brideamedical.com\/","logo":{"@type":"ImageObject","inLanguage":"fr-FR","@id":"https:\/\/www.brideamedical.com\/#\/schema\/logo\/image\/","url":"https:\/\/www.brideamedical.com\/app\/uploads\/2018\/10\/brideamedical_logo.png","contentUrl":"https:\/\/www.brideamedical.com\/app\/uploads\/2018\/10\/brideamedical_logo.png","width":300,"height":101,"caption":"Bridea Medical B.V."},"image":{"@id":"https:\/\/www.brideamedical.com\/#\/schema\/logo\/image\/"},"sameAs":["https:\/\/x.com\/BrideaMedical","https:\/\/nl.linkedin.com\/company\/bridea-medical"]}]}},"_links":{"self":[{"href":"https:\/\/www.brideamedical.com\/fr\/wp-json\/wp\/v2\/product\/5718","targetHints":{"allow":["GET"]}}],"collection":[{"href":"https:\/\/www.brideamedical.com\/fr\/wp-json\/wp\/v2\/product"}],"about":[{"href":"https:\/\/www.brideamedical.com\/fr\/wp-json\/wp\/v2\/types\/product"}],"wp:featuredmedia":[{"embeddable":true,"href":"https:\/\/www.brideamedical.com\/fr\/wp-json\/wp\/v2\/media\/5372"}],"wp:attachment":[{"href":"https:\/\/www.brideamedical.com\/fr\/wp-json\/wp\/v2\/media?parent=5718"}],"wp:term":[{"taxonomy":"product_brand","embeddable":true,"href":"https:\/\/www.brideamedical.com\/fr\/wp-json\/wp\/v2\/product_brand?post=5718"},{"taxonomy":"product_cat","embeddable":true,"href":"https:\/\/www.brideamedical.com\/fr\/wp-json\/wp\/v2\/product_cat?post=5718"},{"taxonomy":"product_tag","embeddable":true,"href":"https:\/\/www.brideamedical.com\/fr\/wp-json\/wp\/v2\/product_tag?post=5718"}],"curies":[{"name":"wp","href":"https:\/\/api.w.org\/{rel}","templated":true}]}}