{"id":5548,"date":"2018-10-26T16:25:24","date_gmt":"2018-10-26T14:25:24","guid":{"rendered":"https:\/\/www.brideamedical.com\/shop\/5548\/"},"modified":"2025-01-09T11:11:47","modified_gmt":"2025-01-09T10:11:47","slug":"virgo","status":"publish","type":"product","link":"https:\/\/www.brideamedical.com\/fr\/shop\/virgo\/","title":{"rendered":"Virgo"},"content":{"rendered":"<h3>Mesures<\/h3>\n<ul>\n<li><strong>Largeur \/ \u00c9paisseur de la pointe :<\/strong> 17 mm \/ 13 mm<\/li>\n<li><strong>Longueur optimale \/ Longueur maximale :<\/strong> 80 mm \/ 100 mm<\/li>\n<\/ul>\n<h3>Pr\u00e9f\u00e9r\u00e9 par les m\u00e9decins<\/h3>\n<ul>\n<li><strong>Fonctionnement fluide<\/strong> d&#8217;une seule main et verrouillage<\/li>\n<li><strong>Mains libres<\/strong> apr\u00e8s le placement<\/li>\n<li>Les <strong>bords repli\u00e9s vers l&#8217;int\u00e9rieur<\/strong> facilitent une orientation optimale du <strong>col de l&#8217;ut\u00e9rus<\/strong><\/li>\n<li><strong>Poign\u00e9e avant inclin\u00e9e vers l&#8217;arri\u00e8re<\/strong>, offrant une plus grande libert\u00e9 de mouvement<\/li>\n<li><strong>Aucun pr\u00e9chauffage requis<\/strong><\/li>\n<li>Plastique <strong>pratiquement incassable<\/strong><\/li>\n<li>Excellente robustesse gr\u00e2ce \u00e0 une <strong>conception optimis\u00e9e<\/strong><\/li>\n<li>Jusqu&#8217;\u00e0 <strong>50 % de r\u00e9duction des co\u00fbts<\/strong><\/li>\n<\/ul>\n<h3>Appr\u00e9ci\u00e9 par les patients<\/h3>\n<ul>\n<li><strong>Bords arrondis et lisses<\/strong> garantissant le confort du patient<\/li>\n<li>La conception emp\u00eache tout <strong>pincement<\/strong><\/li>\n<li><strong>Usage unique<\/strong> &#8211; garantie d\u2019hygi\u00e8ne<\/li>\n<li>Adapt\u00e9 \u00e0 la <strong>temp\u00e9rature corporelle<\/strong><\/li>\n<li>Disponible en <strong>blanc clinique<\/strong> ou en version <strong>transparente visible<\/strong><\/li>\n<\/ul>\n","protected":false},"excerpt":{"rendered":"<p>Mesures Largeur \/ \u00c9paisseur de la pointe : 17 mm \/ 13 mm Longueur optimale \/ Longueur maximale : 80 mm \/ 100 mm Pr\u00e9f\u00e9r\u00e9&#8230;<\/p>\n","protected":false},"featured_media":5540,"template":"","meta":{"_acf_changed":false,"content-type":"","_improvement_type_select":"improve_an_existing","_thumb_yes_seoaic":false,"_frame_yes_seoaic":false,"seoaic_generate_description":"","seoaic_improve_instructions_prompt":"","seoaic_rollback_content_improvement":"","seoaic_idea_thumbnail_generator":"","thumbnail_generated":false,"thumbnail_generate_prompt":"","seoaic_article_description":""},"product_brand":[],"product_cat":[112],"product_tag":[],"class_list":{"0":"post-5548","1":"product","2":"type-product","3":"status-publish","4":"has-post-thumbnail","6":"product_cat-orchid-spec","8":"first","9":"instock","10":"taxable","11":"shipping-taxable","12":"purchasable","13":"product-type-variable"},"acf":[],"yoast_head":"<!-- This site is optimized with the Yoast SEO plugin v27.2 - https:\/\/yoast.com\/product\/yoast-seo-wordpress\/ -->\n<title>Virgo - Bridea Medical<\/title>\n<meta name=\"robots\" content=\"index, follow, max-snippet:-1, max-image-preview:large, max-video-preview:-1\" \/>\n<link rel=\"canonical\" href=\"https:\/\/www.brideamedical.com\/fr\/shop\/virgo\/\" \/>\n<meta property=\"og:locale\" content=\"fr_FR\" \/>\n<meta property=\"og:type\" content=\"article\" \/>\n<meta property=\"og:title\" content=\"Virgo - Bridea Medical\" \/>\n<meta property=\"og:description\" content=\"Mesures Largeur \/ \u00c9paisseur de la pointe : 17 mm \/ 13 mm Longueur optimale \/ Longueur maximale : 80 mm \/ 100 mm Pr\u00e9f\u00e9r\u00e9...\" \/>\n<meta property=\"og:url\" content=\"https:\/\/www.brideamedical.com\/fr\/shop\/virgo\/\" \/>\n<meta property=\"og:site_name\" content=\"Bridea Medical\" \/>\n<meta property=\"article:modified_time\" content=\"2025-01-09T10:11:47+00:00\" \/>\n<meta property=\"og:image\" content=\"https:\/\/www.brideamedical.com\/app\/uploads\/2018\/10\/Orchid-Spec-Virgo-White-Sideflat.png\" \/>\n\t<meta property=\"og:image:width\" content=\"1500\" \/>\n\t<meta property=\"og:image:height\" content=\"1130\" \/>\n\t<meta property=\"og:image:type\" content=\"image\/png\" \/>\n<meta name=\"twitter:card\" content=\"summary_large_image\" \/>\n<meta name=\"twitter:site\" content=\"@BrideaMedical\" \/>\n<meta name=\"twitter:label1\" content=\"Est. reading time\" \/>\n\t<meta name=\"twitter:data1\" content=\"3 minutes\" \/>\n<script type=\"application\/ld+json\" class=\"yoast-schema-graph\">{\"@context\":\"https:\/\/schema.org\",\"@graph\":[{\"@type\":\"WebPage\",\"@id\":\"https:\/\/www.brideamedical.com\/fr\/shop\/virgo\/\",\"url\":\"https:\/\/www.brideamedical.com\/fr\/shop\/virgo\/\",\"name\":\"Virgo - Bridea Medical\",\"isPartOf\":{\"@id\":\"https:\/\/www.brideamedical.com\/#website\"},\"primaryImageOfPage\":{\"@id\":\"https:\/\/www.brideamedical.com\/fr\/shop\/virgo\/#primaryimage\"},\"image\":{\"@id\":\"https:\/\/www.brideamedical.com\/fr\/shop\/virgo\/#primaryimage\"},\"thumbnailUrl\":\"https:\/\/www.brideamedical.com\/app\/uploads\/2018\/10\/Orchid-Spec-Virgo-White-Sideflat.png\",\"datePublished\":\"2018-10-26T14:25:24+00:00\",\"dateModified\":\"2025-01-09T10:11:47+00:00\",\"breadcrumb\":{\"@id\":\"https:\/\/www.brideamedical.com\/fr\/shop\/virgo\/#breadcrumb\"},\"inLanguage\":\"fr-FR\",\"potentialAction\":[{\"@type\":\"ReadAction\",\"target\":[\"https:\/\/www.brideamedical.com\/fr\/shop\/virgo\/\"]}]},{\"@type\":\"ImageObject\",\"inLanguage\":\"fr-FR\",\"@id\":\"https:\/\/www.brideamedical.com\/fr\/shop\/virgo\/#primaryimage\",\"url\":\"https:\/\/www.brideamedical.com\/app\/uploads\/2018\/10\/Orchid-Spec-Virgo-White-Sideflat.png\",\"contentUrl\":\"https:\/\/www.brideamedical.com\/app\/uploads\/2018\/10\/Orchid-Spec-Virgo-White-Sideflat.png\",\"width\":1500,\"height\":1130},{\"@type\":\"BreadcrumbList\",\"@id\":\"https:\/\/www.brideamedical.com\/fr\/shop\/virgo\/#breadcrumb\",\"itemListElement\":[{\"@type\":\"ListItem\",\"position\":1,\"name\":\"Home\",\"item\":\"https:\/\/www.brideamedical.com\/fr\/\"},{\"@type\":\"ListItem\",\"position\":2,\"name\":\"Boutique\",\"item\":\"https:\/\/www.brideamedical.com\/fr\/shop\/\"},{\"@type\":\"ListItem\",\"position\":3,\"name\":\"Virgo\"}]},{\"@type\":\"WebSite\",\"@id\":\"https:\/\/www.brideamedical.com\/#website\",\"url\":\"https:\/\/www.brideamedical.com\/\",\"name\":\"Bridea Medical\",\"description\":\"\",\"publisher\":{\"@id\":\"https:\/\/www.brideamedical.com\/#organization\"},\"potentialAction\":[{\"@type\":\"SearchAction\",\"target\":{\"@type\":\"EntryPoint\",\"urlTemplate\":\"https:\/\/www.brideamedical.com\/?s={search_term_string}\"},\"query-input\":{\"@type\":\"PropertyValueSpecification\",\"valueRequired\":true,\"valueName\":\"search_term_string\"}}],\"inLanguage\":\"fr-FR\"},{\"@type\":\"Organization\",\"@id\":\"https:\/\/www.brideamedical.com\/#organization\",\"name\":\"Bridea Medical B.V.\",\"url\":\"https:\/\/www.brideamedical.com\/\",\"logo\":{\"@type\":\"ImageObject\",\"inLanguage\":\"fr-FR\",\"@id\":\"https:\/\/www.brideamedical.com\/#\/schema\/logo\/image\/\",\"url\":\"https:\/\/www.brideamedical.com\/app\/uploads\/2018\/10\/brideamedical_logo.png\",\"contentUrl\":\"https:\/\/www.brideamedical.com\/app\/uploads\/2018\/10\/brideamedical_logo.png\",\"width\":300,\"height\":101,\"caption\":\"Bridea Medical B.V.\"},\"image\":{\"@id\":\"https:\/\/www.brideamedical.com\/#\/schema\/logo\/image\/\"},\"sameAs\":[\"https:\/\/x.com\/BrideaMedical\",\"https:\/\/nl.linkedin.com\/company\/bridea-medical\"]}]}<\/script>\n<!-- \/ Yoast SEO plugin. -->","yoast_head_json":{"title":"Virgo - Bridea Medical","robots":{"index":"index","follow":"follow","max-snippet":"max-snippet:-1","max-image-preview":"max-image-preview:large","max-video-preview":"max-video-preview:-1"},"canonical":"https:\/\/www.brideamedical.com\/fr\/shop\/virgo\/","og_locale":"fr_FR","og_type":"article","og_title":"Virgo - Bridea Medical","og_description":"Mesures Largeur \/ \u00c9paisseur de la pointe : 17 mm \/ 13 mm Longueur optimale \/ Longueur maximale : 80 mm \/ 100 mm Pr\u00e9f\u00e9r\u00e9...","og_url":"https:\/\/www.brideamedical.com\/fr\/shop\/virgo\/","og_site_name":"Bridea Medical","article_modified_time":"2025-01-09T10:11:47+00:00","og_image":[{"width":1500,"height":1130,"url":"https:\/\/www.brideamedical.com\/app\/uploads\/2018\/10\/Orchid-Spec-Virgo-White-Sideflat.png","type":"image\/png"}],"twitter_card":"summary_large_image","twitter_site":"@BrideaMedical","twitter_misc":{"Est. reading time":"3 minutes"},"schema":{"@context":"https:\/\/schema.org","@graph":[{"@type":"WebPage","@id":"https:\/\/www.brideamedical.com\/fr\/shop\/virgo\/","url":"https:\/\/www.brideamedical.com\/fr\/shop\/virgo\/","name":"Virgo - Bridea Medical","isPartOf":{"@id":"https:\/\/www.brideamedical.com\/#website"},"primaryImageOfPage":{"@id":"https:\/\/www.brideamedical.com\/fr\/shop\/virgo\/#primaryimage"},"image":{"@id":"https:\/\/www.brideamedical.com\/fr\/shop\/virgo\/#primaryimage"},"thumbnailUrl":"https:\/\/www.brideamedical.com\/app\/uploads\/2018\/10\/Orchid-Spec-Virgo-White-Sideflat.png","datePublished":"2018-10-26T14:25:24+00:00","dateModified":"2025-01-09T10:11:47+00:00","breadcrumb":{"@id":"https:\/\/www.brideamedical.com\/fr\/shop\/virgo\/#breadcrumb"},"inLanguage":"fr-FR","potentialAction":[{"@type":"ReadAction","target":["https:\/\/www.brideamedical.com\/fr\/shop\/virgo\/"]}]},{"@type":"ImageObject","inLanguage":"fr-FR","@id":"https:\/\/www.brideamedical.com\/fr\/shop\/virgo\/#primaryimage","url":"https:\/\/www.brideamedical.com\/app\/uploads\/2018\/10\/Orchid-Spec-Virgo-White-Sideflat.png","contentUrl":"https:\/\/www.brideamedical.com\/app\/uploads\/2018\/10\/Orchid-Spec-Virgo-White-Sideflat.png","width":1500,"height":1130},{"@type":"BreadcrumbList","@id":"https:\/\/www.brideamedical.com\/fr\/shop\/virgo\/#breadcrumb","itemListElement":[{"@type":"ListItem","position":1,"name":"Home","item":"https:\/\/www.brideamedical.com\/fr\/"},{"@type":"ListItem","position":2,"name":"Boutique","item":"https:\/\/www.brideamedical.com\/fr\/shop\/"},{"@type":"ListItem","position":3,"name":"Virgo"}]},{"@type":"WebSite","@id":"https:\/\/www.brideamedical.com\/#website","url":"https:\/\/www.brideamedical.com\/","name":"Bridea Medical","description":"","publisher":{"@id":"https:\/\/www.brideamedical.com\/#organization"},"potentialAction":[{"@type":"SearchAction","target":{"@type":"EntryPoint","urlTemplate":"https:\/\/www.brideamedical.com\/?s={search_term_string}"},"query-input":{"@type":"PropertyValueSpecification","valueRequired":true,"valueName":"search_term_string"}}],"inLanguage":"fr-FR"},{"@type":"Organization","@id":"https:\/\/www.brideamedical.com\/#organization","name":"Bridea Medical B.V.","url":"https:\/\/www.brideamedical.com\/","logo":{"@type":"ImageObject","inLanguage":"fr-FR","@id":"https:\/\/www.brideamedical.com\/#\/schema\/logo\/image\/","url":"https:\/\/www.brideamedical.com\/app\/uploads\/2018\/10\/brideamedical_logo.png","contentUrl":"https:\/\/www.brideamedical.com\/app\/uploads\/2018\/10\/brideamedical_logo.png","width":300,"height":101,"caption":"Bridea Medical B.V."},"image":{"@id":"https:\/\/www.brideamedical.com\/#\/schema\/logo\/image\/"},"sameAs":["https:\/\/x.com\/BrideaMedical","https:\/\/nl.linkedin.com\/company\/bridea-medical"]}]}},"_links":{"self":[{"href":"https:\/\/www.brideamedical.com\/fr\/wp-json\/wp\/v2\/product\/5548","targetHints":{"allow":["GET"]}}],"collection":[{"href":"https:\/\/www.brideamedical.com\/fr\/wp-json\/wp\/v2\/product"}],"about":[{"href":"https:\/\/www.brideamedical.com\/fr\/wp-json\/wp\/v2\/types\/product"}],"wp:featuredmedia":[{"embeddable":true,"href":"https:\/\/www.brideamedical.com\/fr\/wp-json\/wp\/v2\/media\/5540"}],"wp:attachment":[{"href":"https:\/\/www.brideamedical.com\/fr\/wp-json\/wp\/v2\/media?parent=5548"}],"wp:term":[{"taxonomy":"product_brand","embeddable":true,"href":"https:\/\/www.brideamedical.com\/fr\/wp-json\/wp\/v2\/product_brand?post=5548"},{"taxonomy":"product_cat","embeddable":true,"href":"https:\/\/www.brideamedical.com\/fr\/wp-json\/wp\/v2\/product_cat?post=5548"},{"taxonomy":"product_tag","embeddable":true,"href":"https:\/\/www.brideamedical.com\/fr\/wp-json\/wp\/v2\/product_tag?post=5548"}],"curies":[{"name":"wp","href":"https:\/\/api.w.org\/{rel}","templated":true}]}}