{"id":7809,"date":"2025-12-11T13:52:05","date_gmt":"2025-12-11T12:52:05","guid":{"rendered":"https:\/\/www.brideamedical.com\/?page_id=7809"},"modified":"2026-01-16T13:56:11","modified_gmt":"2026-01-16T12:56:11","slug":"orchid-spec","status":"publish","type":"page","link":"https:\/\/www.brideamedical.com\/fr\/orchid-spec\/","title":{"rendered":"Orchid spec"},"content":{"rendered":"","protected":false},"excerpt":{"rendered":"","protected":false},"author":1,"featured_media":0,"parent":0,"menu_order":11,"comment_status":"closed","ping_status":"closed","template":"","meta":{"_acf_changed":false,"content-type":"","_improvement_type_select":"improve_an_existing","_thumb_yes_seoaic":false,"_frame_yes_seoaic":false,"seoaic_generate_description":"","seoaic_improve_instructions_prompt":"","seoaic_rollback_content_improvement":"","seoaic_idea_thumbnail_generator":"","thumbnail_generated":false,"thumbnail_generate_prompt":"","seoaic_article_description":"","footnotes":""},"class_list":["post-7809","page","type-page","status-publish","hentry"],"acf":[],"yoast_head":"<!-- This site is optimized with the Yoast SEO plugin v27.2 - https:\/\/yoast.com\/product\/yoast-seo-wordpress\/ -->\n<title>Sp\u00e9culums gyn\u00e9cologiques Orchid Spec \u2013 \u00c9cologiques et s\u00fbrs<\/title>\n<meta name=\"description\" content=\"Sp\u00e9culums gyn\u00e9cologiques \u00e9cologiques con\u00e7us pour le confort, la pr\u00e9cision et la durabilit\u00e9. Orchid Spec am\u00e9liore la performance clinique.\" \/>\n<meta name=\"robots\" content=\"index, follow, max-snippet:-1, max-image-preview:large, max-video-preview:-1\" \/>\n<link rel=\"canonical\" href=\"https:\/\/www.brideamedical.com\/fr\/orchid-spec\/\" \/>\n<meta property=\"og:locale\" content=\"fr_FR\" \/>\n<meta property=\"og:type\" content=\"article\" \/>\n<meta property=\"og:title\" content=\"Sp\u00e9culums gyn\u00e9cologiques Orchid Spec \u2013 \u00c9cologiques et s\u00fbrs\" \/>\n<meta property=\"og:description\" content=\"Sp\u00e9culums gyn\u00e9cologiques \u00e9cologiques con\u00e7us pour le confort, la pr\u00e9cision et la durabilit\u00e9. Orchid Spec am\u00e9liore la performance clinique.\" \/>\n<meta property=\"og:url\" content=\"https:\/\/www.brideamedical.com\/fr\/orchid-spec\/\" \/>\n<meta property=\"og:site_name\" content=\"Bridea Medical\" \/>\n<meta property=\"article:modified_time\" content=\"2026-01-16T12:56:11+00:00\" \/>\n<meta name=\"twitter:card\" content=\"summary_large_image\" \/>\n<meta name=\"twitter:site\" content=\"@BrideaMedical\" \/>\n<meta name=\"twitter:label1\" content=\"Est. reading time\" \/>\n\t<meta name=\"twitter:data1\" content=\"6 minutes\" \/>\n<script type=\"application\/ld+json\" class=\"yoast-schema-graph\">{\"@context\":\"https:\/\/schema.org\",\"@graph\":[{\"@type\":\"WebPage\",\"@id\":\"https:\/\/www.brideamedical.com\/fr\/orchid-spec\/\",\"url\":\"https:\/\/www.brideamedical.com\/fr\/orchid-spec\/\",\"name\":\"Sp\u00e9culums gyn\u00e9cologiques Orchid Spec \u2013 \u00c9cologiques et s\u00fbrs\",\"isPartOf\":{\"@id\":\"https:\/\/www.brideamedical.com\/#website\"},\"datePublished\":\"2025-12-11T12:52:05+00:00\",\"dateModified\":\"2026-01-16T12:56:11+00:00\",\"description\":\"Sp\u00e9culums gyn\u00e9cologiques \u00e9cologiques con\u00e7us pour le confort, la pr\u00e9cision et la durabilit\u00e9. Orchid Spec am\u00e9liore la performance clinique.\",\"breadcrumb\":{\"@id\":\"https:\/\/www.brideamedical.com\/fr\/orchid-spec\/#breadcrumb\"},\"inLanguage\":\"fr-FR\",\"potentialAction\":[{\"@type\":\"ReadAction\",\"target\":[\"https:\/\/www.brideamedical.com\/fr\/orchid-spec\/\"]}]},{\"@type\":\"BreadcrumbList\",\"@id\":\"https:\/\/www.brideamedical.com\/fr\/orchid-spec\/#breadcrumb\",\"itemListElement\":[{\"@type\":\"ListItem\",\"position\":1,\"name\":\"Home\",\"item\":\"https:\/\/www.brideamedical.com\/fr\/\"},{\"@type\":\"ListItem\",\"position\":2,\"name\":\"Orchid spec\"}]},{\"@type\":\"WebSite\",\"@id\":\"https:\/\/www.brideamedical.com\/#website\",\"url\":\"https:\/\/www.brideamedical.com\/\",\"name\":\"Bridea Medical\",\"description\":\"\",\"publisher\":{\"@id\":\"https:\/\/www.brideamedical.com\/#organization\"},\"potentialAction\":[{\"@type\":\"SearchAction\",\"target\":{\"@type\":\"EntryPoint\",\"urlTemplate\":\"https:\/\/www.brideamedical.com\/?s={search_term_string}\"},\"query-input\":{\"@type\":\"PropertyValueSpecification\",\"valueRequired\":true,\"valueName\":\"search_term_string\"}}],\"inLanguage\":\"fr-FR\"},{\"@type\":\"Organization\",\"@id\":\"https:\/\/www.brideamedical.com\/#organization\",\"name\":\"Bridea Medical B.V.\",\"url\":\"https:\/\/www.brideamedical.com\/\",\"logo\":{\"@type\":\"ImageObject\",\"inLanguage\":\"fr-FR\",\"@id\":\"https:\/\/www.brideamedical.com\/#\/schema\/logo\/image\/\",\"url\":\"https:\/\/www.brideamedical.com\/app\/uploads\/2018\/10\/brideamedical_logo.png\",\"contentUrl\":\"https:\/\/www.brideamedical.com\/app\/uploads\/2018\/10\/brideamedical_logo.png\",\"width\":300,\"height\":101,\"caption\":\"Bridea Medical B.V.\"},\"image\":{\"@id\":\"https:\/\/www.brideamedical.com\/#\/schema\/logo\/image\/\"},\"sameAs\":[\"https:\/\/x.com\/BrideaMedical\",\"https:\/\/nl.linkedin.com\/company\/bridea-medical\"]}]}<\/script>\n<!-- \/ Yoast SEO plugin. -->","yoast_head_json":{"title":"Sp\u00e9culums gyn\u00e9cologiques Orchid Spec \u2013 \u00c9cologiques et s\u00fbrs","description":"Sp\u00e9culums gyn\u00e9cologiques \u00e9cologiques con\u00e7us pour le confort, la pr\u00e9cision et la durabilit\u00e9. Orchid Spec am\u00e9liore la performance clinique.","robots":{"index":"index","follow":"follow","max-snippet":"max-snippet:-1","max-image-preview":"max-image-preview:large","max-video-preview":"max-video-preview:-1"},"canonical":"https:\/\/www.brideamedical.com\/fr\/orchid-spec\/","og_locale":"fr_FR","og_type":"article","og_title":"Sp\u00e9culums gyn\u00e9cologiques Orchid Spec \u2013 \u00c9cologiques et s\u00fbrs","og_description":"Sp\u00e9culums gyn\u00e9cologiques \u00e9cologiques con\u00e7us pour le confort, la pr\u00e9cision et la durabilit\u00e9. Orchid Spec am\u00e9liore la performance clinique.","og_url":"https:\/\/www.brideamedical.com\/fr\/orchid-spec\/","og_site_name":"Bridea Medical","article_modified_time":"2026-01-16T12:56:11+00:00","twitter_card":"summary_large_image","twitter_site":"@BrideaMedical","twitter_misc":{"Est. reading time":"6 minutes"},"schema":{"@context":"https:\/\/schema.org","@graph":[{"@type":"WebPage","@id":"https:\/\/www.brideamedical.com\/fr\/orchid-spec\/","url":"https:\/\/www.brideamedical.com\/fr\/orchid-spec\/","name":"Sp\u00e9culums gyn\u00e9cologiques Orchid Spec \u2013 \u00c9cologiques et s\u00fbrs","isPartOf":{"@id":"https:\/\/www.brideamedical.com\/#website"},"datePublished":"2025-12-11T12:52:05+00:00","dateModified":"2026-01-16T12:56:11+00:00","description":"Sp\u00e9culums gyn\u00e9cologiques \u00e9cologiques con\u00e7us pour le confort, la pr\u00e9cision et la durabilit\u00e9. Orchid Spec am\u00e9liore la performance clinique.","breadcrumb":{"@id":"https:\/\/www.brideamedical.com\/fr\/orchid-spec\/#breadcrumb"},"inLanguage":"fr-FR","potentialAction":[{"@type":"ReadAction","target":["https:\/\/www.brideamedical.com\/fr\/orchid-spec\/"]}]},{"@type":"BreadcrumbList","@id":"https:\/\/www.brideamedical.com\/fr\/orchid-spec\/#breadcrumb","itemListElement":[{"@type":"ListItem","position":1,"name":"Home","item":"https:\/\/www.brideamedical.com\/fr\/"},{"@type":"ListItem","position":2,"name":"Orchid spec"}]},{"@type":"WebSite","@id":"https:\/\/www.brideamedical.com\/#website","url":"https:\/\/www.brideamedical.com\/","name":"Bridea Medical","description":"","publisher":{"@id":"https:\/\/www.brideamedical.com\/#organization"},"potentialAction":[{"@type":"SearchAction","target":{"@type":"EntryPoint","urlTemplate":"https:\/\/www.brideamedical.com\/?s={search_term_string}"},"query-input":{"@type":"PropertyValueSpecification","valueRequired":true,"valueName":"search_term_string"}}],"inLanguage":"fr-FR"},{"@type":"Organization","@id":"https:\/\/www.brideamedical.com\/#organization","name":"Bridea Medical B.V.","url":"https:\/\/www.brideamedical.com\/","logo":{"@type":"ImageObject","inLanguage":"fr-FR","@id":"https:\/\/www.brideamedical.com\/#\/schema\/logo\/image\/","url":"https:\/\/www.brideamedical.com\/app\/uploads\/2018\/10\/brideamedical_logo.png","contentUrl":"https:\/\/www.brideamedical.com\/app\/uploads\/2018\/10\/brideamedical_logo.png","width":300,"height":101,"caption":"Bridea Medical B.V."},"image":{"@id":"https:\/\/www.brideamedical.com\/#\/schema\/logo\/image\/"},"sameAs":["https:\/\/x.com\/BrideaMedical","https:\/\/nl.linkedin.com\/company\/bridea-medical"]}]}},"_links":{"self":[{"href":"https:\/\/www.brideamedical.com\/fr\/wp-json\/wp\/v2\/pages\/7809","targetHints":{"allow":["GET"]}}],"collection":[{"href":"https:\/\/www.brideamedical.com\/fr\/wp-json\/wp\/v2\/pages"}],"about":[{"href":"https:\/\/www.brideamedical.com\/fr\/wp-json\/wp\/v2\/types\/page"}],"author":[{"embeddable":true,"href":"https:\/\/www.brideamedical.com\/fr\/wp-json\/wp\/v2\/users\/1"}],"replies":[{"embeddable":true,"href":"https:\/\/www.brideamedical.com\/fr\/wp-json\/wp\/v2\/comments?post=7809"}],"version-history":[{"count":13,"href":"https:\/\/www.brideamedical.com\/fr\/wp-json\/wp\/v2\/pages\/7809\/revisions"}],"predecessor-version":[{"id":7930,"href":"https:\/\/www.brideamedical.com\/fr\/wp-json\/wp\/v2\/pages\/7809\/revisions\/7930"}],"wp:attachment":[{"href":"https:\/\/www.brideamedical.com\/fr\/wp-json\/wp\/v2\/media?parent=7809"}],"curies":[{"name":"wp","href":"https:\/\/api.w.org\/{rel}","templated":true}]}}