{"id":1666,"date":"2018-10-31T17:03:10","date_gmt":"2018-10-31T17:03:10","guid":{"rendered":"https:\/\/www.brideamedical.com\/shop\/open-wide\/"},"modified":"2019-01-02T14:41:24","modified_gmt":"2019-01-02T13:41:24","slug":"open-wide","status":"publish","type":"product","link":"https:\/\/www.brideamedical.com\/de\/shop\/open-wide\/","title":{"rendered":"Open Wide"},"content":{"rendered":"<p><strong>Measurements<\/strong><\/p>\n<ul>\n<li>Tip width \/ thickness: 33mm \/ 17mm<\/li>\n<li>Optimal length \/ Maximum length: 90mm \/ 110mm<\/li>\n<\/ul>\n<p><strong>Advanced open design<\/strong><\/p>\n<ul>\n<li><span class=\"highlight\">advanced high-quality<\/span>\u00a0speculum designed for single use.<\/li>\n<li><span class=\"highlight\">open<\/span>\u00a0on one side, for an unobstructed view and optimal access.<\/li>\n<li><span class=\"highlight\">patented hinge design<\/span>\u00a0provides high stability and rigidity<\/li>\n<li>optional slimline\u00a0<span class=\"highlight\">smoke extraction<\/span>\u00a0channel<\/li>\n<\/ul>\n<p><strong>Preferred by doctors<\/strong><\/p>\n<ul>\n<li>advanced\u00a0<span class=\"highlight\">open design<\/span>\u00a0on one side<\/li>\n<li>smooth<span class=\"highlight\">\u00a0single-handed operation<\/span>\u00a0and locking<\/li>\n<li><span class=\"highlight\">hands-free<\/span>\u00a0after placement<\/li>\n<li>inwardly folded edges\u00a0<span class=\"highlight\">facilitate optimal Cervix orientation<\/span><\/li>\n<li>front handle design angled backwards providing\u00a0<span class=\"highlight\">greater freedom of movement<\/span><\/li>\n<li><span class=\"highlight\">no preheating<\/span>\u00a0required<\/li>\n<li><span class=\"highlight\">virtually unbreakable<\/span>\u00a0plastic<\/li>\n<li>excellent product strength through\u00a0<span class=\"highlight\">optimised design<\/span><\/li>\n<li>up to\u00a0<span class=\"highlight\">50% cost reduction<\/span><\/li>\n<\/ul>\n<h2>Loved by patients<\/h2>\n<ul>\n<li>&#8220;smooth&#8221;\u00a0<span class=\"highlight\">rounded edges<\/span>\u00a0ensuring patient comfort<\/li>\n<li>design\u00a0<span class=\"highlight\">prevents \u201cpinching\u201d<\/span><\/li>\n<li>single use &#8211;\u00a0<span class=\"highlight\">guaranteed clean<\/span><\/li>\n<li>patient\u00a0<span class=\"highlight\">temperature friendl<\/span>y<\/li>\n<li><span class=\"highlight\">clinical<\/span>\u00a0white or visible clear look<\/li>\n<\/ul>\n","protected":false},"excerpt":{"rendered":"<p>Measurements Tip width \/ thickness: 33mm \/ 17mm Optimal length \/ Maximum length: 90mm \/ 110mm Advanced open design advanced high-quality\u00a0speculum designed for single use&#8230;.<\/p>\n","protected":false},"featured_media":1487,"template":"","meta":{"_acf_changed":false,"content-type":"","_improvement_type_select":"improve_an_existing","_thumb_yes_seoaic":false,"_frame_yes_seoaic":false,"seoaic_generate_description":"","seoaic_improve_instructions_prompt":"","seoaic_rollback_content_improvement":"","seoaic_idea_thumbnail_generator":"","thumbnail_generated":false,"thumbnail_generate_prompt":"","seoaic_article_description":""},"product_brand":[],"product_cat":[63],"product_tag":[],"class_list":{"0":"post-1666","1":"product","2":"type-product","3":"status-publish","4":"has-post-thumbnail","6":"product_cat-orchid-spekulum","8":"first","9":"instock","10":"taxable","11":"shipping-taxable","12":"purchasable","13":"product-type-variable"},"acf":[],"yoast_head":"<!-- This site is optimized with the Yoast SEO plugin v27.2 - https:\/\/yoast.com\/product\/yoast-seo-wordpress\/ -->\n<title>Orchid Open Spekulum - Wide - Bridea Medical - Reddot Design Award<\/title>\n<meta name=\"description\" content=\"Das Orchid Open ist ein hochwertiges Kunststoff Spekulum, welches f\u00fcr den einmaligen Gebrauch entwickelt wurde. Seitlich ge\u00f6ffnet erm\u00f6glicht es eine uneingeschr\u00e4nkte Sicht und einen idealen Zugang.\" \/>\n<meta name=\"robots\" content=\"index, follow, max-snippet:-1, max-image-preview:large, max-video-preview:-1\" \/>\n<link rel=\"canonical\" href=\"https:\/\/www.brideamedical.com\/de\/shop\/open-wide\/\" \/>\n<meta property=\"og:locale\" content=\"de_DE\" \/>\n<meta property=\"og:type\" content=\"article\" \/>\n<meta property=\"og:title\" content=\"Orchid Open Spekulum - Wide - Bridea Medical - Reddot Design Award\" \/>\n<meta property=\"og:description\" content=\"Das Orchid Open ist ein hochwertiges Kunststoff Spekulum, welches f\u00fcr den einmaligen Gebrauch entwickelt wurde. Seitlich ge\u00f6ffnet erm\u00f6glicht es eine uneingeschr\u00e4nkte Sicht und einen idealen Zugang.\" \/>\n<meta property=\"og:url\" content=\"https:\/\/www.brideamedical.com\/de\/shop\/open-wide\/\" \/>\n<meta property=\"og:site_name\" content=\"Bridea Medical\" \/>\n<meta property=\"article:modified_time\" content=\"2019-01-02T13:41:24+00:00\" \/>\n<meta property=\"og:image\" content=\"https:\/\/www.brideamedical.com\/app\/uploads\/2018\/10\/Orchid-Spec-Open-white-sideflat-1.png\" \/>\n\t<meta property=\"og:image:width\" content=\"1500\" \/>\n\t<meta property=\"og:image:height\" content=\"1130\" \/>\n\t<meta property=\"og:image:type\" content=\"image\/png\" \/>\n<meta name=\"twitter:card\" content=\"summary_large_image\" \/>\n<meta name=\"twitter:site\" content=\"@BrideaMedical\" \/>\n<meta name=\"twitter:label1\" content=\"Est. reading time\" \/>\n\t<meta name=\"twitter:data1\" content=\"1 minute\" \/>\n<script type=\"application\/ld+json\" class=\"yoast-schema-graph\">{\"@context\":\"https:\/\/schema.org\",\"@graph\":[{\"@type\":\"WebPage\",\"@id\":\"https:\/\/www.brideamedical.com\/de\/shop\/open-wide\/\",\"url\":\"https:\/\/www.brideamedical.com\/de\/shop\/open-wide\/\",\"name\":\"Orchid Open Spekulum - Wide - Bridea Medical - Reddot Design Award\",\"isPartOf\":{\"@id\":\"https:\/\/www.brideamedical.com\/#website\"},\"primaryImageOfPage\":{\"@id\":\"https:\/\/www.brideamedical.com\/de\/shop\/open-wide\/#primaryimage\"},\"image\":{\"@id\":\"https:\/\/www.brideamedical.com\/de\/shop\/open-wide\/#primaryimage\"},\"thumbnailUrl\":\"https:\/\/www.brideamedical.com\/app\/uploads\/2018\/10\/Orchid-Spec-Open-white-sideflat-1.png\",\"datePublished\":\"2018-10-31T17:03:10+00:00\",\"dateModified\":\"2019-01-02T13:41:24+00:00\",\"description\":\"Das Orchid Open ist ein hochwertiges Kunststoff Spekulum, welches f\u00fcr den einmaligen Gebrauch entwickelt wurde. Seitlich ge\u00f6ffnet erm\u00f6glicht es eine uneingeschr\u00e4nkte Sicht und einen idealen Zugang.\",\"breadcrumb\":{\"@id\":\"https:\/\/www.brideamedical.com\/de\/shop\/open-wide\/#breadcrumb\"},\"inLanguage\":\"de-DE\",\"potentialAction\":[{\"@type\":\"ReadAction\",\"target\":[\"https:\/\/www.brideamedical.com\/de\/shop\/open-wide\/\"]}]},{\"@type\":\"ImageObject\",\"inLanguage\":\"de-DE\",\"@id\":\"https:\/\/www.brideamedical.com\/de\/shop\/open-wide\/#primaryimage\",\"url\":\"https:\/\/www.brideamedical.com\/app\/uploads\/2018\/10\/Orchid-Spec-Open-white-sideflat-1.png\",\"contentUrl\":\"https:\/\/www.brideamedical.com\/app\/uploads\/2018\/10\/Orchid-Spec-Open-white-sideflat-1.png\",\"width\":1500,\"height\":1130,\"caption\":\"Orchid-Speculum-Open-white-sideflat\"},{\"@type\":\"BreadcrumbList\",\"@id\":\"https:\/\/www.brideamedical.com\/de\/shop\/open-wide\/#breadcrumb\",\"itemListElement\":[{\"@type\":\"ListItem\",\"position\":1,\"name\":\"Home\",\"item\":\"https:\/\/www.brideamedical.com\/de\/\"},{\"@type\":\"ListItem\",\"position\":2,\"name\":\"Shop\",\"item\":\"https:\/\/www.brideamedical.com\/de\/shop\/\"},{\"@type\":\"ListItem\",\"position\":3,\"name\":\"Open Wide\"}]},{\"@type\":\"WebSite\",\"@id\":\"https:\/\/www.brideamedical.com\/#website\",\"url\":\"https:\/\/www.brideamedical.com\/\",\"name\":\"Bridea Medical\",\"description\":\"\",\"publisher\":{\"@id\":\"https:\/\/www.brideamedical.com\/#organization\"},\"potentialAction\":[{\"@type\":\"SearchAction\",\"target\":{\"@type\":\"EntryPoint\",\"urlTemplate\":\"https:\/\/www.brideamedical.com\/?s={search_term_string}\"},\"query-input\":{\"@type\":\"PropertyValueSpecification\",\"valueRequired\":true,\"valueName\":\"search_term_string\"}}],\"inLanguage\":\"de-DE\"},{\"@type\":\"Organization\",\"@id\":\"https:\/\/www.brideamedical.com\/#organization\",\"name\":\"Bridea Medical B.V.\",\"url\":\"https:\/\/www.brideamedical.com\/\",\"logo\":{\"@type\":\"ImageObject\",\"inLanguage\":\"de-DE\",\"@id\":\"https:\/\/www.brideamedical.com\/#\/schema\/logo\/image\/\",\"url\":\"https:\/\/www.brideamedical.com\/app\/uploads\/2018\/10\/brideamedical_logo.png\",\"contentUrl\":\"https:\/\/www.brideamedical.com\/app\/uploads\/2018\/10\/brideamedical_logo.png\",\"width\":300,\"height\":101,\"caption\":\"Bridea Medical B.V.\"},\"image\":{\"@id\":\"https:\/\/www.brideamedical.com\/#\/schema\/logo\/image\/\"},\"sameAs\":[\"https:\/\/x.com\/BrideaMedical\",\"https:\/\/nl.linkedin.com\/company\/bridea-medical\"]}]}<\/script>\n<!-- \/ Yoast SEO plugin. -->","yoast_head_json":{"title":"Orchid Open Spekulum - Wide - Bridea Medical - Reddot Design Award","description":"Das Orchid Open ist ein hochwertiges Kunststoff Spekulum, welches f\u00fcr den einmaligen Gebrauch entwickelt wurde. Seitlich ge\u00f6ffnet erm\u00f6glicht es eine uneingeschr\u00e4nkte Sicht und einen idealen Zugang.","robots":{"index":"index","follow":"follow","max-snippet":"max-snippet:-1","max-image-preview":"max-image-preview:large","max-video-preview":"max-video-preview:-1"},"canonical":"https:\/\/www.brideamedical.com\/de\/shop\/open-wide\/","og_locale":"de_DE","og_type":"article","og_title":"Orchid Open Spekulum - Wide - Bridea Medical - Reddot Design Award","og_description":"Das Orchid Open ist ein hochwertiges Kunststoff Spekulum, welches f\u00fcr den einmaligen Gebrauch entwickelt wurde. Seitlich ge\u00f6ffnet erm\u00f6glicht es eine uneingeschr\u00e4nkte Sicht und einen idealen Zugang.","og_url":"https:\/\/www.brideamedical.com\/de\/shop\/open-wide\/","og_site_name":"Bridea Medical","article_modified_time":"2019-01-02T13:41:24+00:00","og_image":[{"width":1500,"height":1130,"url":"https:\/\/www.brideamedical.com\/app\/uploads\/2018\/10\/Orchid-Spec-Open-white-sideflat-1.png","type":"image\/png"}],"twitter_card":"summary_large_image","twitter_site":"@BrideaMedical","twitter_misc":{"Est. reading time":"1 minute"},"schema":{"@context":"https:\/\/schema.org","@graph":[{"@type":"WebPage","@id":"https:\/\/www.brideamedical.com\/de\/shop\/open-wide\/","url":"https:\/\/www.brideamedical.com\/de\/shop\/open-wide\/","name":"Orchid Open Spekulum - Wide - Bridea Medical - Reddot Design Award","isPartOf":{"@id":"https:\/\/www.brideamedical.com\/#website"},"primaryImageOfPage":{"@id":"https:\/\/www.brideamedical.com\/de\/shop\/open-wide\/#primaryimage"},"image":{"@id":"https:\/\/www.brideamedical.com\/de\/shop\/open-wide\/#primaryimage"},"thumbnailUrl":"https:\/\/www.brideamedical.com\/app\/uploads\/2018\/10\/Orchid-Spec-Open-white-sideflat-1.png","datePublished":"2018-10-31T17:03:10+00:00","dateModified":"2019-01-02T13:41:24+00:00","description":"Das Orchid Open ist ein hochwertiges Kunststoff Spekulum, welches f\u00fcr den einmaligen Gebrauch entwickelt wurde. Seitlich ge\u00f6ffnet erm\u00f6glicht es eine uneingeschr\u00e4nkte Sicht und einen idealen Zugang.","breadcrumb":{"@id":"https:\/\/www.brideamedical.com\/de\/shop\/open-wide\/#breadcrumb"},"inLanguage":"de-DE","potentialAction":[{"@type":"ReadAction","target":["https:\/\/www.brideamedical.com\/de\/shop\/open-wide\/"]}]},{"@type":"ImageObject","inLanguage":"de-DE","@id":"https:\/\/www.brideamedical.com\/de\/shop\/open-wide\/#primaryimage","url":"https:\/\/www.brideamedical.com\/app\/uploads\/2018\/10\/Orchid-Spec-Open-white-sideflat-1.png","contentUrl":"https:\/\/www.brideamedical.com\/app\/uploads\/2018\/10\/Orchid-Spec-Open-white-sideflat-1.png","width":1500,"height":1130,"caption":"Orchid-Speculum-Open-white-sideflat"},{"@type":"BreadcrumbList","@id":"https:\/\/www.brideamedical.com\/de\/shop\/open-wide\/#breadcrumb","itemListElement":[{"@type":"ListItem","position":1,"name":"Home","item":"https:\/\/www.brideamedical.com\/de\/"},{"@type":"ListItem","position":2,"name":"Shop","item":"https:\/\/www.brideamedical.com\/de\/shop\/"},{"@type":"ListItem","position":3,"name":"Open Wide"}]},{"@type":"WebSite","@id":"https:\/\/www.brideamedical.com\/#website","url":"https:\/\/www.brideamedical.com\/","name":"Bridea Medical","description":"","publisher":{"@id":"https:\/\/www.brideamedical.com\/#organization"},"potentialAction":[{"@type":"SearchAction","target":{"@type":"EntryPoint","urlTemplate":"https:\/\/www.brideamedical.com\/?s={search_term_string}"},"query-input":{"@type":"PropertyValueSpecification","valueRequired":true,"valueName":"search_term_string"}}],"inLanguage":"de-DE"},{"@type":"Organization","@id":"https:\/\/www.brideamedical.com\/#organization","name":"Bridea Medical B.V.","url":"https:\/\/www.brideamedical.com\/","logo":{"@type":"ImageObject","inLanguage":"de-DE","@id":"https:\/\/www.brideamedical.com\/#\/schema\/logo\/image\/","url":"https:\/\/www.brideamedical.com\/app\/uploads\/2018\/10\/brideamedical_logo.png","contentUrl":"https:\/\/www.brideamedical.com\/app\/uploads\/2018\/10\/brideamedical_logo.png","width":300,"height":101,"caption":"Bridea Medical B.V."},"image":{"@id":"https:\/\/www.brideamedical.com\/#\/schema\/logo\/image\/"},"sameAs":["https:\/\/x.com\/BrideaMedical","https:\/\/nl.linkedin.com\/company\/bridea-medical"]}]}},"_links":{"self":[{"href":"https:\/\/www.brideamedical.com\/de\/wp-json\/wp\/v2\/product\/1666","targetHints":{"allow":["GET"]}}],"collection":[{"href":"https:\/\/www.brideamedical.com\/de\/wp-json\/wp\/v2\/product"}],"about":[{"href":"https:\/\/www.brideamedical.com\/de\/wp-json\/wp\/v2\/types\/product"}],"wp:featuredmedia":[{"embeddable":true,"href":"https:\/\/www.brideamedical.com\/de\/wp-json\/wp\/v2\/media\/1487"}],"wp:attachment":[{"href":"https:\/\/www.brideamedical.com\/de\/wp-json\/wp\/v2\/media?parent=1666"}],"wp:term":[{"taxonomy":"product_brand","embeddable":true,"href":"https:\/\/www.brideamedical.com\/de\/wp-json\/wp\/v2\/product_brand?post=1666"},{"taxonomy":"product_cat","embeddable":true,"href":"https:\/\/www.brideamedical.com\/de\/wp-json\/wp\/v2\/product_cat?post=1666"},{"taxonomy":"product_tag","embeddable":true,"href":"https:\/\/www.brideamedical.com\/de\/wp-json\/wp\/v2\/product_tag?post=1666"}],"curies":[{"name":"wp","href":"https:\/\/api.w.org\/{rel}","templated":true}]}}