{"id":1572,"date":"2018-11-14T14:31:45","date_gmt":"2018-11-14T14:31:45","guid":{"rendered":"https:\/\/www.brideamedical.com\/speculum-versions\/"},"modified":"2026-01-21T14:32:56","modified_gmt":"2026-01-21T13:32:56","slug":"spekulumausfuehrungen","status":"publish","type":"page","link":"https:\/\/www.brideamedical.com\/de\/spekulumausfuehrungen\/","title":{"rendered":"Spekulumausf\u00fchrungen"},"content":{"rendered":"","protected":false},"excerpt":{"rendered":"","protected":false},"author":1,"featured_media":0,"parent":0,"menu_order":47,"comment_status":"closed","ping_status":"closed","template":"","meta":{"_acf_changed":false,"content-type":"","_improvement_type_select":"improve_an_existing","_thumb_yes_seoaic":false,"_frame_yes_seoaic":false,"seoaic_generate_description":"","seoaic_improve_instructions_prompt":"","seoaic_rollback_content_improvement":"","seoaic_idea_thumbnail_generator":"","thumbnail_generated":false,"thumbnail_generate_prompt":"","seoaic_article_description":"","footnotes":""},"class_list":["post-1572","page","type-page","status-publish","hentry"],"acf":[],"yoast_head":"<!-- This site is optimized with the Yoast SEO plugin v27.2 - https:\/\/yoast.com\/product\/yoast-seo-wordpress\/ -->\n<title>Spekulumausf\u00fchrungen - Bridea Medical - Medizinische Spekula<\/title>\n<meta name=\"description\" content=\"In vier Ausf\u00fchrungen erh\u00e4ltlich, jeweils in zwei Materialfarben: The Standard, Smoke Extraction (SX), Open Sided und Open Sided (SX). Vier Ausf\u00fchrungen f\u00fcr alle Ihre Anforderungen.\" \/>\n<meta name=\"robots\" content=\"index, follow, max-snippet:-1, max-image-preview:large, max-video-preview:-1\" \/>\n<link rel=\"canonical\" href=\"https:\/\/www.brideamedical.com\/de\/spekulumausfuehrungen\/\" \/>\n<meta property=\"og:locale\" content=\"de_DE\" \/>\n<meta property=\"og:type\" content=\"article\" \/>\n<meta property=\"og:title\" content=\"Spekulumausf\u00fchrungen - Bridea Medical - Medizinische Spekula\" \/>\n<meta property=\"og:description\" content=\"In vier Ausf\u00fchrungen erh\u00e4ltlich, jeweils in zwei Materialfarben: The Standard, Smoke Extraction (SX), Open Sided und Open Sided (SX). Vier Ausf\u00fchrungen f\u00fcr alle Ihre Anforderungen.\" \/>\n<meta property=\"og:url\" content=\"https:\/\/www.brideamedical.com\/de\/spekulumausfuehrungen\/\" \/>\n<meta property=\"og:site_name\" content=\"Bridea Medical\" \/>\n<meta property=\"article:modified_time\" content=\"2026-01-21T13:32:56+00:00\" \/>\n<meta name=\"twitter:card\" content=\"summary_large_image\" \/>\n<meta name=\"twitter:site\" content=\"@BrideaMedical\" \/>\n<meta name=\"twitter:label1\" content=\"Est. reading time\" \/>\n\t<meta name=\"twitter:data1\" content=\"4 minutes\" \/>\n<script type=\"application\/ld+json\" class=\"yoast-schema-graph\">{\"@context\":\"https:\/\/schema.org\",\"@graph\":[{\"@type\":\"WebPage\",\"@id\":\"https:\/\/www.brideamedical.com\/de\/spekulumausfuehrungen\/\",\"url\":\"https:\/\/www.brideamedical.com\/de\/spekulumausfuehrungen\/\",\"name\":\"Spekulumausf\u00fchrungen - Bridea Medical - Medizinische Spekula\",\"isPartOf\":{\"@id\":\"https:\/\/www.brideamedical.com\/#website\"},\"datePublished\":\"2018-11-14T14:31:45+00:00\",\"dateModified\":\"2026-01-21T13:32:56+00:00\",\"description\":\"In vier Ausf\u00fchrungen erh\u00e4ltlich, jeweils in zwei Materialfarben: The Standard, Smoke Extraction (SX), Open Sided und Open Sided (SX). Vier Ausf\u00fchrungen f\u00fcr alle Ihre Anforderungen.\",\"breadcrumb\":{\"@id\":\"https:\/\/www.brideamedical.com\/de\/spekulumausfuehrungen\/#breadcrumb\"},\"inLanguage\":\"de-DE\",\"potentialAction\":[{\"@type\":\"ReadAction\",\"target\":[\"https:\/\/www.brideamedical.com\/de\/spekulumausfuehrungen\/\"]}]},{\"@type\":\"BreadcrumbList\",\"@id\":\"https:\/\/www.brideamedical.com\/de\/spekulumausfuehrungen\/#breadcrumb\",\"itemListElement\":[{\"@type\":\"ListItem\",\"position\":1,\"name\":\"Home\",\"item\":\"https:\/\/www.brideamedical.com\/de\/\"},{\"@type\":\"ListItem\",\"position\":2,\"name\":\"Spekulumausf\u00fchrungen\"}]},{\"@type\":\"WebSite\",\"@id\":\"https:\/\/www.brideamedical.com\/#website\",\"url\":\"https:\/\/www.brideamedical.com\/\",\"name\":\"Bridea Medical\",\"description\":\"\",\"publisher\":{\"@id\":\"https:\/\/www.brideamedical.com\/#organization\"},\"potentialAction\":[{\"@type\":\"SearchAction\",\"target\":{\"@type\":\"EntryPoint\",\"urlTemplate\":\"https:\/\/www.brideamedical.com\/?s={search_term_string}\"},\"query-input\":{\"@type\":\"PropertyValueSpecification\",\"valueRequired\":true,\"valueName\":\"search_term_string\"}}],\"inLanguage\":\"de-DE\"},{\"@type\":\"Organization\",\"@id\":\"https:\/\/www.brideamedical.com\/#organization\",\"name\":\"Bridea Medical B.V.\",\"url\":\"https:\/\/www.brideamedical.com\/\",\"logo\":{\"@type\":\"ImageObject\",\"inLanguage\":\"de-DE\",\"@id\":\"https:\/\/www.brideamedical.com\/#\/schema\/logo\/image\/\",\"url\":\"https:\/\/www.brideamedical.com\/app\/uploads\/2018\/10\/brideamedical_logo.png\",\"contentUrl\":\"https:\/\/www.brideamedical.com\/app\/uploads\/2018\/10\/brideamedical_logo.png\",\"width\":300,\"height\":101,\"caption\":\"Bridea Medical B.V.\"},\"image\":{\"@id\":\"https:\/\/www.brideamedical.com\/#\/schema\/logo\/image\/\"},\"sameAs\":[\"https:\/\/x.com\/BrideaMedical\",\"https:\/\/nl.linkedin.com\/company\/bridea-medical\"]}]}<\/script>\n<!-- \/ Yoast SEO plugin. -->","yoast_head_json":{"title":"Spekulumausf\u00fchrungen - Bridea Medical - Medizinische Spekula","description":"In vier Ausf\u00fchrungen erh\u00e4ltlich, jeweils in zwei Materialfarben: The Standard, Smoke Extraction (SX), Open Sided und Open Sided (SX). Vier Ausf\u00fchrungen f\u00fcr alle Ihre Anforderungen.","robots":{"index":"index","follow":"follow","max-snippet":"max-snippet:-1","max-image-preview":"max-image-preview:large","max-video-preview":"max-video-preview:-1"},"canonical":"https:\/\/www.brideamedical.com\/de\/spekulumausfuehrungen\/","og_locale":"de_DE","og_type":"article","og_title":"Spekulumausf\u00fchrungen - Bridea Medical - Medizinische Spekula","og_description":"In vier Ausf\u00fchrungen erh\u00e4ltlich, jeweils in zwei Materialfarben: The Standard, Smoke Extraction (SX), Open Sided und Open Sided (SX). Vier Ausf\u00fchrungen f\u00fcr alle Ihre Anforderungen.","og_url":"https:\/\/www.brideamedical.com\/de\/spekulumausfuehrungen\/","og_site_name":"Bridea Medical","article_modified_time":"2026-01-21T13:32:56+00:00","twitter_card":"summary_large_image","twitter_site":"@BrideaMedical","twitter_misc":{"Est. reading time":"4 minutes"},"schema":{"@context":"https:\/\/schema.org","@graph":[{"@type":"WebPage","@id":"https:\/\/www.brideamedical.com\/de\/spekulumausfuehrungen\/","url":"https:\/\/www.brideamedical.com\/de\/spekulumausfuehrungen\/","name":"Spekulumausf\u00fchrungen - Bridea Medical - Medizinische Spekula","isPartOf":{"@id":"https:\/\/www.brideamedical.com\/#website"},"datePublished":"2018-11-14T14:31:45+00:00","dateModified":"2026-01-21T13:32:56+00:00","description":"In vier Ausf\u00fchrungen erh\u00e4ltlich, jeweils in zwei Materialfarben: The Standard, Smoke Extraction (SX), Open Sided und Open Sided (SX). Vier Ausf\u00fchrungen f\u00fcr alle Ihre Anforderungen.","breadcrumb":{"@id":"https:\/\/www.brideamedical.com\/de\/spekulumausfuehrungen\/#breadcrumb"},"inLanguage":"de-DE","potentialAction":[{"@type":"ReadAction","target":["https:\/\/www.brideamedical.com\/de\/spekulumausfuehrungen\/"]}]},{"@type":"BreadcrumbList","@id":"https:\/\/www.brideamedical.com\/de\/spekulumausfuehrungen\/#breadcrumb","itemListElement":[{"@type":"ListItem","position":1,"name":"Home","item":"https:\/\/www.brideamedical.com\/de\/"},{"@type":"ListItem","position":2,"name":"Spekulumausf\u00fchrungen"}]},{"@type":"WebSite","@id":"https:\/\/www.brideamedical.com\/#website","url":"https:\/\/www.brideamedical.com\/","name":"Bridea Medical","description":"","publisher":{"@id":"https:\/\/www.brideamedical.com\/#organization"},"potentialAction":[{"@type":"SearchAction","target":{"@type":"EntryPoint","urlTemplate":"https:\/\/www.brideamedical.com\/?s={search_term_string}"},"query-input":{"@type":"PropertyValueSpecification","valueRequired":true,"valueName":"search_term_string"}}],"inLanguage":"de-DE"},{"@type":"Organization","@id":"https:\/\/www.brideamedical.com\/#organization","name":"Bridea Medical B.V.","url":"https:\/\/www.brideamedical.com\/","logo":{"@type":"ImageObject","inLanguage":"de-DE","@id":"https:\/\/www.brideamedical.com\/#\/schema\/logo\/image\/","url":"https:\/\/www.brideamedical.com\/app\/uploads\/2018\/10\/brideamedical_logo.png","contentUrl":"https:\/\/www.brideamedical.com\/app\/uploads\/2018\/10\/brideamedical_logo.png","width":300,"height":101,"caption":"Bridea Medical B.V."},"image":{"@id":"https:\/\/www.brideamedical.com\/#\/schema\/logo\/image\/"},"sameAs":["https:\/\/x.com\/BrideaMedical","https:\/\/nl.linkedin.com\/company\/bridea-medical"]}]}},"_links":{"self":[{"href":"https:\/\/www.brideamedical.com\/de\/wp-json\/wp\/v2\/pages\/1572","targetHints":{"allow":["GET"]}}],"collection":[{"href":"https:\/\/www.brideamedical.com\/de\/wp-json\/wp\/v2\/pages"}],"about":[{"href":"https:\/\/www.brideamedical.com\/de\/wp-json\/wp\/v2\/types\/page"}],"author":[{"embeddable":true,"href":"https:\/\/www.brideamedical.com\/de\/wp-json\/wp\/v2\/users\/1"}],"replies":[{"embeddable":true,"href":"https:\/\/www.brideamedical.com\/de\/wp-json\/wp\/v2\/comments?post=1572"}],"version-history":[{"count":20,"href":"https:\/\/www.brideamedical.com\/de\/wp-json\/wp\/v2\/pages\/1572\/revisions"}],"predecessor-version":[{"id":7975,"href":"https:\/\/www.brideamedical.com\/de\/wp-json\/wp\/v2\/pages\/1572\/revisions\/7975"}],"wp:attachment":[{"href":"https:\/\/www.brideamedical.com\/de\/wp-json\/wp\/v2\/media?parent=1572"}],"curies":[{"name":"wp","href":"https:\/\/api.w.org\/{rel}","templated":true}]}}